{"id":2756,"date":"2017-12-14T10:25:49","date_gmt":"2017-12-14T08:25:49","guid":{"rendered":"http:\/\/snspa.ro\/?page_id=2756"},"modified":"2017-12-14T10:46:53","modified_gmt":"2017-12-14T08:46:53","slug":"cristian-pirvulescu","status":"publish","type":"page","link":"https:\/\/snspa.ro\/en\/cristian-pirvulescu\/","title":{"rendered":"Cristian P\u00eervulescu"},"content":{"rendered":"<div class=\"wpb-content-wrapper\"><p>[vc_row][vc_column width=&#8221;1\/2&#8243;][vc_custom_heading text=&#8221;Cristian P\u00eervulescu&#8221; font_container=&#8221;tag:h1|text_align:left|color:%231e73be&#8221; use_theme_fonts=&#8221;yes&#8221;][vc_column_text]<\/p>\n<h3>Conf. univ. dr. \/ Decan \/ Facultatea de \u015etiin\u0163e Politice<\/h3>\n<p>[\/vc_column_text][vc_row_inner][vc_column_inner][vc_btn title=&#8221;Email:\u00a0cristian.pirvulescu@politice.ro&#8221; color=&#8221;sky&#8221; i_icon_fontawesome=&#8221;fa fa-envelope&#8221; add_icon=&#8221;true&#8221; link=&#8221;url:mailto%3Acristian.pirvulescu%40politice.ro|||&#8221;][\/vc_column_inner][\/vc_row_inner][\/vc_column][vc_column width=&#8221;1\/2&#8243;][vc_single_image image=&#8221;2762&#8243; img_size=&#8221;large&#8221;][\/vc_column][\/vc_row][vc_row 0=&#8221;&#8221;][vc_column][vc_column_text 0=&#8221;&#8221;]<a href=\"http:\/\/www.politice.ro\/ro\/cristian_pirvulescu\">Curriculum Vitae<\/a><\/p>\n<blockquote><p>CURSURI: Concepte fundamentale \u00een \u015ftiin\u0163a politic\u0103, Paradigmele \u015ftiin\u0163ei politice, Sisteme politice contemporane, Politici comparate \u015fi Institu\u0163ii politice.<\/p>\n<p>DOMENII DE INTERES: Politic\u0103 Comparat\u0103, Teorie Politic\u0103, Economie Politic\u0103<\/p><\/blockquote>\n<p>[\/vc_column_text][\/vc_column][\/vc_row]<\/p>\n<\/div>","protected":false},"excerpt":{"rendered":"<p>[vc_row][vc_column width=&#8221;1\/2&#8243;][vc_custom_heading text=&#8221;Cristian P\u00eervulescu&#8221; font_container=&#8221;tag:h1|text_align:left|color:%231e73be&#8221; use_theme_fonts=&#8221;yes&#8221;][vc_column_text] Conf. univ. dr. \/ Decan \/ Facultatea de \u015etiin\u0163e Politice [\/vc_column_text][vc_row_inner][vc_column_inner][vc_btn title=&#8221;Email:\u00a0cristian.pirvulescu@politice.ro&#8221; color=&#8221;sky&#8221; i_icon_fontawesome=&#8221;fa fa-envelope&#8221; add_icon=&#8221;true&#8221; link=&#8221;url:mailto%3Acristian.pirvulescu%40politice.ro|||&#8221;][\/vc_column_inner][\/vc_row_inner][\/vc_column][vc_column width=&#8221;1\/2&#8243;][vc_single_image image=&#8221;2762&#8243; img_size=&#8221;large&#8221;][\/vc_column][\/vc_row][vc_row 0=&#8221;&#8221;][vc_column][vc_column_text 0=&#8221;&#8221;]Curriculum Vitae CURSURI: Concepte fundamentale \u00een \u015ftiin\u0163a politic\u0103, Paradigmele \u015ftiin\u0163ei politice, Sisteme politice contemporane, Politici comparate \u015fi Institu\u0163ii&nbsp;<a href=\"https:\/\/snspa.ro\/en\/cristian-pirvulescu\/\">&hellip;<\/a><\/p>\n","protected":false},"author":2,"featured_media":0,"parent":0,"menu_order":0,"comment_status":"closed","ping_status":"closed","template":"","meta":{"footnotes":""},"class_list":["post-2756","page","type-page","status-publish","hentry","odd"],"yoast_head":"<!-- This site is optimized with the Yoast SEO plugin v27.2 - https:\/\/yoast.com\/product\/yoast-seo-wordpress\/ -->\n<title>Cristian P\u00eervulescu - SNSPA<\/title>\n<meta name=\"robots\" content=\"index, follow, max-snippet:-1, max-image-preview:large, max-video-preview:-1\" \/>\n<link rel=\"canonical\" href=\"https:\/\/snspa.ro\/en\/cristian-pirvulescu\/\" \/>\n<meta property=\"og:locale\" content=\"en_US\" \/>\n<meta property=\"og:type\" content=\"article\" \/>\n<meta property=\"og:title\" content=\"Cristian P\u00eervulescu - SNSPA\" \/>\n<meta property=\"og:description\" content=\"[vc_row][vc_column width=&#8221;1\/2&#8243;][vc_custom_heading text=&#8221;Cristian P\u00eervulescu&#8221; font_container=&#8221;tag:h1|text_align:left|color:%231e73be&#8221; use_theme_fonts=&#8221;yes&#8221;][vc_column_text] Conf. univ. dr. \/ Decan \/ Facultatea de \u015etiin\u0163e Politice [\/vc_column_text][vc_row_inner][vc_column_inner][vc_btn title=&#8221;Email:\u00a0cristian.pirvulescu@politice.ro&#8221; color=&#8221;sky&#8221; i_icon_fontawesome=&#8221;fa fa-envelope&#8221; add_icon=&#8221;true&#8221; link=&#8221;url:mailto%3Acristian.pirvulescu%40politice.ro|||&#8221;][\/vc_column_inner][\/vc_row_inner][\/vc_column][vc_column width=&#8221;1\/2&#8243;][vc_single_image image=&#8221;2762&#8243; img_size=&#8221;large&#8221;][\/vc_column][\/vc_row][vc_row 0=&#8221;&#8221;][vc_column][vc_column_text 0=&#8221;&#8221;]Curriculum Vitae CURSURI: Concepte fundamentale \u00een \u015ftiin\u0163a politic\u0103, Paradigmele \u015ftiin\u0163ei politice, Sisteme politice contemporane, Politici comparate \u015fi Institu\u0163ii&nbsp;&hellip;\" \/>\n<meta property=\"og:url\" content=\"https:\/\/snspa.ro\/en\/cristian-pirvulescu\/\" \/>\n<meta property=\"og:site_name\" content=\"SNSPA\" \/>\n<meta property=\"article:modified_time\" content=\"2017-12-14T08:46:53+00:00\" \/>\n<meta name=\"twitter:card\" content=\"summary_large_image\" \/>\n<meta name=\"twitter:label1\" content=\"Est. reading time\" \/>\n\t<meta name=\"twitter:data1\" content=\"1 minute\" \/>\n<script type=\"application\/ld+json\" class=\"yoast-schema-graph\">{\"@context\":\"https:\/\/schema.org\",\"@graph\":[{\"@type\":\"WebPage\",\"@id\":\"https:\/\/snspa.ro\/en\/cristian-pirvulescu\/\",\"url\":\"https:\/\/snspa.ro\/en\/cristian-pirvulescu\/\",\"name\":\"Cristian P\u00eervulescu - SNSPA\",\"isPartOf\":{\"@id\":\"https:\/\/snspa.ro\/en\/#website\"},\"datePublished\":\"2017-12-14T08:25:49+00:00\",\"dateModified\":\"2017-12-14T08:46:53+00:00\",\"breadcrumb\":{\"@id\":\"https:\/\/snspa.ro\/en\/cristian-pirvulescu\/#breadcrumb\"},\"inLanguage\":\"en-US\",\"potentialAction\":[{\"@type\":\"ReadAction\",\"target\":[\"https:\/\/snspa.ro\/en\/cristian-pirvulescu\/\"]}]},{\"@type\":\"BreadcrumbList\",\"@id\":\"https:\/\/snspa.ro\/en\/cristian-pirvulescu\/#breadcrumb\",\"itemListElement\":[{\"@type\":\"ListItem\",\"position\":1,\"name\":\"Home\",\"item\":\"https:\/\/snspa.ro\/en\/\"},{\"@type\":\"ListItem\",\"position\":2,\"name\":\"Cristian P\u00eervulescu\"}]},{\"@type\":\"WebSite\",\"@id\":\"https:\/\/snspa.ro\/en\/#website\",\"url\":\"https:\/\/snspa.ro\/en\/\",\"name\":\"SNSPA\",\"description\":\"National University of Political Studies and Public Administration\",\"publisher\":{\"@id\":\"https:\/\/snspa.ro\/en\/#organization\"},\"potentialAction\":[{\"@type\":\"SearchAction\",\"target\":{\"@type\":\"EntryPoint\",\"urlTemplate\":\"https:\/\/snspa.ro\/en\/?s={search_term_string}\"},\"query-input\":{\"@type\":\"PropertyValueSpecification\",\"valueRequired\":true,\"valueName\":\"search_term_string\"}}],\"inLanguage\":\"en-US\"},{\"@type\":\"Organization\",\"@id\":\"https:\/\/snspa.ro\/en\/#organization\",\"name\":\"The National University of Political Studies and Public Administration\",\"url\":\"https:\/\/snspa.ro\/en\/\",\"logo\":{\"@type\":\"ImageObject\",\"inLanguage\":\"en-US\",\"@id\":\"https:\/\/snspa.ro\/en\/#\/schema\/logo\/image\/\",\"url\":\"https:\/\/snspa.ro\/en\/wp-content\/uploads\/2018\/07\/Logo-SNSPA-EN-alb-5117x509-1.png\",\"contentUrl\":\"https:\/\/snspa.ro\/en\/wp-content\/uploads\/2018\/07\/Logo-SNSPA-EN-alb-5117x509-1.png\",\"width\":5117,\"height\":520,\"caption\":\"The National University of Political Studies and Public Administration\"},\"image\":{\"@id\":\"https:\/\/snspa.ro\/en\/#\/schema\/logo\/image\/\"}}]}<\/script>\n<!-- \/ Yoast SEO plugin. -->","yoast_head_json":{"title":"Cristian P\u00eervulescu - SNSPA","robots":{"index":"index","follow":"follow","max-snippet":"max-snippet:-1","max-image-preview":"max-image-preview:large","max-video-preview":"max-video-preview:-1"},"canonical":"https:\/\/snspa.ro\/en\/cristian-pirvulescu\/","og_locale":"en_US","og_type":"article","og_title":"Cristian P\u00eervulescu - SNSPA","og_description":"[vc_row][vc_column width=&#8221;1\/2&#8243;][vc_custom_heading text=&#8221;Cristian P\u00eervulescu&#8221; font_container=&#8221;tag:h1|text_align:left|color:%231e73be&#8221; use_theme_fonts=&#8221;yes&#8221;][vc_column_text] Conf. univ. dr. \/ Decan \/ Facultatea de \u015etiin\u0163e Politice [\/vc_column_text][vc_row_inner][vc_column_inner][vc_btn title=&#8221;Email:\u00a0cristian.pirvulescu@politice.ro&#8221; color=&#8221;sky&#8221; i_icon_fontawesome=&#8221;fa fa-envelope&#8221; add_icon=&#8221;true&#8221; link=&#8221;url:mailto%3Acristian.pirvulescu%40politice.ro|||&#8221;][\/vc_column_inner][\/vc_row_inner][\/vc_column][vc_column width=&#8221;1\/2&#8243;][vc_single_image image=&#8221;2762&#8243; img_size=&#8221;large&#8221;][\/vc_column][\/vc_row][vc_row 0=&#8221;&#8221;][vc_column][vc_column_text 0=&#8221;&#8221;]Curriculum Vitae CURSURI: Concepte fundamentale \u00een \u015ftiin\u0163a politic\u0103, Paradigmele \u015ftiin\u0163ei politice, Sisteme politice contemporane, Politici comparate \u015fi Institu\u0163ii&nbsp;&hellip;","og_url":"https:\/\/snspa.ro\/en\/cristian-pirvulescu\/","og_site_name":"SNSPA","article_modified_time":"2017-12-14T08:46:53+00:00","twitter_card":"summary_large_image","twitter_misc":{"Est. reading time":"1 minute"},"schema":{"@context":"https:\/\/schema.org","@graph":[{"@type":"WebPage","@id":"https:\/\/snspa.ro\/en\/cristian-pirvulescu\/","url":"https:\/\/snspa.ro\/en\/cristian-pirvulescu\/","name":"Cristian P\u00eervulescu - SNSPA","isPartOf":{"@id":"https:\/\/snspa.ro\/en\/#website"},"datePublished":"2017-12-14T08:25:49+00:00","dateModified":"2017-12-14T08:46:53+00:00","breadcrumb":{"@id":"https:\/\/snspa.ro\/en\/cristian-pirvulescu\/#breadcrumb"},"inLanguage":"en-US","potentialAction":[{"@type":"ReadAction","target":["https:\/\/snspa.ro\/en\/cristian-pirvulescu\/"]}]},{"@type":"BreadcrumbList","@id":"https:\/\/snspa.ro\/en\/cristian-pirvulescu\/#breadcrumb","itemListElement":[{"@type":"ListItem","position":1,"name":"Home","item":"https:\/\/snspa.ro\/en\/"},{"@type":"ListItem","position":2,"name":"Cristian P\u00eervulescu"}]},{"@type":"WebSite","@id":"https:\/\/snspa.ro\/en\/#website","url":"https:\/\/snspa.ro\/en\/","name":"SNSPA","description":"National University of Political Studies and Public Administration","publisher":{"@id":"https:\/\/snspa.ro\/en\/#organization"},"potentialAction":[{"@type":"SearchAction","target":{"@type":"EntryPoint","urlTemplate":"https:\/\/snspa.ro\/en\/?s={search_term_string}"},"query-input":{"@type":"PropertyValueSpecification","valueRequired":true,"valueName":"search_term_string"}}],"inLanguage":"en-US"},{"@type":"Organization","@id":"https:\/\/snspa.ro\/en\/#organization","name":"The National University of Political Studies and Public Administration","url":"https:\/\/snspa.ro\/en\/","logo":{"@type":"ImageObject","inLanguage":"en-US","@id":"https:\/\/snspa.ro\/en\/#\/schema\/logo\/image\/","url":"https:\/\/snspa.ro\/en\/wp-content\/uploads\/2018\/07\/Logo-SNSPA-EN-alb-5117x509-1.png","contentUrl":"https:\/\/snspa.ro\/en\/wp-content\/uploads\/2018\/07\/Logo-SNSPA-EN-alb-5117x509-1.png","width":5117,"height":520,"caption":"The National University of Political Studies and Public Administration"},"image":{"@id":"https:\/\/snspa.ro\/en\/#\/schema\/logo\/image\/"}}]}},"_links":{"self":[{"href":"https:\/\/snspa.ro\/en\/wp-json\/wp\/v2\/pages\/2756","targetHints":{"allow":["GET"]}}],"collection":[{"href":"https:\/\/snspa.ro\/en\/wp-json\/wp\/v2\/pages"}],"about":[{"href":"https:\/\/snspa.ro\/en\/wp-json\/wp\/v2\/types\/page"}],"author":[{"embeddable":true,"href":"https:\/\/snspa.ro\/en\/wp-json\/wp\/v2\/users\/2"}],"replies":[{"embeddable":true,"href":"https:\/\/snspa.ro\/en\/wp-json\/wp\/v2\/comments?post=2756"}],"version-history":[{"count":6,"href":"https:\/\/snspa.ro\/en\/wp-json\/wp\/v2\/pages\/2756\/revisions"}],"predecessor-version":[{"id":2764,"href":"https:\/\/snspa.ro\/en\/wp-json\/wp\/v2\/pages\/2756\/revisions\/2764"}],"wp:attachment":[{"href":"https:\/\/snspa.ro\/en\/wp-json\/wp\/v2\/media?parent=2756"}],"curies":[{"name":"wp","href":"https:\/\/api.w.org\/{rel}","templated":true}]}}